{"id":85,"date":"2020-11-06T01:23:57","date_gmt":"2020-11-06T03:23:57","guid":{"rendered":"http:\/\/marciapurceli.com.br\/?page_id=85"},"modified":"2020-11-12T12:15:22","modified_gmt":"2020-11-12T14:15:22","slug":"tricologia-tratamento-das-doenc%cc%a7as-de-cabelo","status":"publish","type":"page","link":"http:\/\/marciapurceli.com.br\/?page_id=85","title":{"rendered":"Tricologia (tratamento das doenc\u0327as de cabelo)"},"content":{"rendered":"\t\t<div data-elementor-type=\"wp-page\" data-elementor-id=\"85\" class=\"elementor elementor-85\" data-elementor-settings=\"[]\">\n\t\t\t\t\t\t<div class=\"elementor-inner\">\n\t\t\t\t\t\t\t<div class=\"elementor-section-wrap\">\n\t\t\t\t\t\t\t<section class=\"elementor-section elementor-top-section elementor-element elementor-element-6a6fbb4e elementor-section-full_width elementor-section-items-top elementor-section-height-full elementor-section-height-default\" data-id=\"6a6fbb4e\" data-element_type=\"section\" data-settings=\"{&quot;background_background&quot;:&quot;classic&quot;}\">\n\t\t\t\t\t\t<div class=\"elementor-container elementor-column-gap-default\">\n\t\t\t\t\t\t\t<div class=\"elementor-row\">\n\t\t\t\t\t<div class=\"elementor-column elementor-col-50 elementor-top-column elementor-element elementor-element-19074001\" data-id=\"19074001\" data-element_type=\"column\">\n\t\t\t<div class=\"elementor-column-wrap elementor-element-populated\">\n\t\t\t\t\t\t\t<div class=\"elementor-widget-wrap\">\n\t\t\t\t\t\t<div class=\"elementor-element elementor-element-6f3d9f23 elementor-widget elementor-widget-text-editor\" data-id=\"6f3d9f23\" data-element_type=\"widget\" data-widget_type=\"text-editor.default\">\n\t\t\t\t<div class=\"elementor-widget-container\">\n\t\t\t\t\t<div class=\"elementor-text-editor elementor-clearfix\"><p>Tricologia (tratamento das doen\u00e7as de queda de cabelo em geral)<\/p><\/div>\n\t\t\t\t<\/div>\n\t\t\t\t<\/div>\n\t\t\t\t<div class=\"elementor-element elementor-element-40ab7ce5 elementor-widget elementor-widget-text-editor\" data-id=\"40ab7ce5\" data-element_type=\"widget\" data-widget_type=\"text-editor.default\">\n\t\t\t\t<div class=\"elementor-widget-container\">\n\t\t\t\t\t<div class=\"elementor-text-editor elementor-clearfix\"><p><span style=\"font-size: 19px;\">Alopecia (queda de cabelo geral)<\/span><\/p><p>Calv\u00edcie<\/p><p>Efl\u00favio telogeno<\/p><p>Outras doen\u00e7as de couro cabeludo<\/p><\/div>\n\t\t\t\t<\/div>\n\t\t\t\t<\/div>\n\t\t\t\t\t\t<\/div>\n\t\t\t\t\t<\/div>\n\t\t<\/div>\n\t\t\t\t<div class=\"elementor-column elementor-col-50 elementor-top-column elementor-element elementor-element-52bd562c\" data-id=\"52bd562c\" data-element_type=\"column\">\n\t\t\t<div class=\"elementor-column-wrap elementor-element-populated\">\n\t\t\t\t\t\t\t<div class=\"elementor-widget-wrap\">\n\t\t\t\t\t\t<div class=\"elementor-element elementor-element-772cb3f6 elementor-widget elementor-widget-image\" data-id=\"772cb3f6\" data-element_type=\"widget\" data-widget_type=\"image.default\">\n\t\t\t\t<div class=\"elementor-widget-container\">\n\t\t\t\t\t<div class=\"elementor-image\">\n\t\t\t\t\t\t\t\t\t\t<img width=\"364\" height=\"263\" src=\"http:\/\/marciapurceli.com.br\/wp-content\/uploads\/2020\/11\/image-4-6.png\" class=\"attachment-large size-large\" alt=\"\" loading=\"lazy\" srcset=\"http:\/\/marciapurceli.com.br\/wp-content\/uploads\/2020\/11\/image-4-6.png 364w, http:\/\/marciapurceli.com.br\/wp-content\/uploads\/2020\/11\/image-4-6-300x217.png 300w\" sizes=\"(max-width: 364px) 100vw, 364px\" \/>\t\t\t\t\t\t\t\t\t\t\t<\/div>\n\t\t\t\t<\/div>\n\t\t\t\t<\/div>\n\t\t\t\t\t\t<\/div>\n\t\t\t\t\t<\/div>\n\t\t<\/div>\n\t\t\t\t\t\t\t\t<\/div>\n\t\t\t\t\t<\/div>\n\t\t<\/section>\n\t\t\t\t\t\t<\/div>\n\t\t\t\t\t\t<\/div>\n\t\t\t\t\t<\/div>\n\t\t","protected":false},"excerpt":{"rendered":"<p>Tricologia (tratamento das doen\u00e7as de queda de cabelo em geral) Alopecia (queda de cabelo geral) Calv\u00edcie Efl\u00favio telogeno Outras doen\u00e7as de couro cabeludo<\/p>\n","protected":false},"author":1,"featured_media":0,"parent":0,"menu_order":0,"comment_status":"closed","ping_status":"closed","template":"","meta":[],"_links":{"self":[{"href":"http:\/\/marciapurceli.com.br\/index.php?rest_route=\/wp\/v2\/pages\/85"}],"collection":[{"href":"http:\/\/marciapurceli.com.br\/index.php?rest_route=\/wp\/v2\/pages"}],"about":[{"href":"http:\/\/marciapurceli.com.br\/index.php?rest_route=\/wp\/v2\/types\/page"}],"author":[{"embeddable":true,"href":"http:\/\/marciapurceli.com.br\/index.php?rest_route=\/wp\/v2\/users\/1"}],"replies":[{"embeddable":true,"href":"http:\/\/marciapurceli.com.br\/index.php?rest_route=%2Fwp%2Fv2%2Fcomments&post=85"}],"version-history":[{"count":8,"href":"http:\/\/marciapurceli.com.br\/index.php?rest_route=\/wp\/v2\/pages\/85\/revisions"}],"predecessor-version":[{"id":212,"href":"http:\/\/marciapurceli.com.br\/index.php?rest_route=\/wp\/v2\/pages\/85\/revisions\/212"}],"wp:attachment":[{"href":"http:\/\/marciapurceli.com.br\/index.php?rest_route=%2Fwp%2Fv2%2Fmedia&parent=85"}],"curies":[{"name":"wp","href":"https:\/\/api.w.org\/{rel}","templated":true}]}}