{"id":72,"date":"2020-11-06T01:20:34","date_gmt":"2020-11-06T03:20:34","guid":{"rendered":"http:\/\/marciapurceli.com.br\/?page_id=72"},"modified":"2020-11-17T18:14:17","modified_gmt":"2020-11-17T20:14:17","slug":"check-up-dermatologico","status":"publish","type":"page","link":"http:\/\/marciapurceli.com.br\/?page_id=72","title":{"rendered":"Check UP Dermatolo\u0301gico"},"content":{"rendered":"\t\t<div data-elementor-type=\"wp-page\" data-elementor-id=\"72\" class=\"elementor elementor-72\" data-elementor-settings=\"[]\">\n\t\t\t\t\t\t<div class=\"elementor-inner\">\n\t\t\t\t\t\t\t<div class=\"elementor-section-wrap\">\n\t\t\t\t\t\t\t<section class=\"elementor-section elementor-top-section elementor-element elementor-element-409ad2d1 elementor-section-full_width elementor-section-items-top elementor-section-height-full elementor-section-height-default\" data-id=\"409ad2d1\" data-element_type=\"section\" data-settings=\"{&quot;background_background&quot;:&quot;classic&quot;}\">\n\t\t\t\t\t\t<div class=\"elementor-container elementor-column-gap-default\">\n\t\t\t\t\t\t\t<div class=\"elementor-row\">\n\t\t\t\t\t<div class=\"elementor-column elementor-col-50 elementor-top-column elementor-element elementor-element-593c08ca\" data-id=\"593c08ca\" data-element_type=\"column\">\n\t\t\t<div class=\"elementor-column-wrap elementor-element-populated\">\n\t\t\t\t\t\t\t<div class=\"elementor-widget-wrap\">\n\t\t\t\t\t\t<div class=\"elementor-element elementor-element-4774a10e elementor-widget elementor-widget-text-editor\" data-id=\"4774a10e\" data-element_type=\"widget\" data-widget_type=\"text-editor.default\">\n\t\t\t\t<div class=\"elementor-widget-container\">\n\t\t\t\t\t<div class=\"elementor-text-editor elementor-clearfix\"><p><strong>Check up dermatol\u00f3gico<\/strong><\/p><\/div>\n\t\t\t\t<\/div>\n\t\t\t\t<\/div>\n\t\t\t\t<div class=\"elementor-element elementor-element-666e2dfa elementor-widget elementor-widget-text-editor\" data-id=\"666e2dfa\" data-element_type=\"widget\" data-widget_type=\"text-editor.default\">\n\t\t\t\t<div class=\"elementor-widget-container\">\n\t\t\t\t\t<div class=\"elementor-text-editor elementor-clearfix\"><p>Avalia\u00e7\u00e3o dermatol\u00f3gica com foco em preven\u00e7\u00e3o de c\u00e2ncer de pele, manchas e tratamento precoce de queda de cabelo e outras dermatoses<\/p><\/div>\n\t\t\t\t<\/div>\n\t\t\t\t<\/div>\n\t\t\t\t\t\t<\/div>\n\t\t\t\t\t<\/div>\n\t\t<\/div>\n\t\t\t\t<div class=\"elementor-column elementor-col-50 elementor-top-column elementor-element elementor-element-21bc5af0\" data-id=\"21bc5af0\" data-element_type=\"column\">\n\t\t\t<div class=\"elementor-column-wrap elementor-element-populated\">\n\t\t\t\t\t\t\t<div class=\"elementor-widget-wrap\">\n\t\t\t\t\t\t<div class=\"elementor-element elementor-element-220bd81c elementor-widget elementor-widget-image\" data-id=\"220bd81c\" data-element_type=\"widget\" data-widget_type=\"image.default\">\n\t\t\t\t<div class=\"elementor-widget-container\">\n\t\t\t\t\t<div class=\"elementor-image\">\n\t\t\t\t\t\t\t\t\t\t<img width=\"1024\" height=\"683\" src=\"http:\/\/marciapurceli.com.br\/wp-content\/uploads\/2020\/11\/shutterstock_1402173971-1-1024x683.jpg\" class=\"attachment-large size-large\" alt=\"\" loading=\"lazy\" srcset=\"http:\/\/marciapurceli.com.br\/wp-content\/uploads\/2020\/11\/shutterstock_1402173971-1-1024x683.jpg 1024w, http:\/\/marciapurceli.com.br\/wp-content\/uploads\/2020\/11\/shutterstock_1402173971-1-300x200.jpg 300w, http:\/\/marciapurceli.com.br\/wp-content\/uploads\/2020\/11\/shutterstock_1402173971-1-768x512.jpg 768w, http:\/\/marciapurceli.com.br\/wp-content\/uploads\/2020\/11\/shutterstock_1402173971-1-1536x1024.jpg 1536w, http:\/\/marciapurceli.com.br\/wp-content\/uploads\/2020\/11\/shutterstock_1402173971-1-2048x1365.jpg 2048w\" sizes=\"(max-width: 1024px) 100vw, 1024px\" \/>\t\t\t\t\t\t\t\t\t\t\t<\/div>\n\t\t\t\t<\/div>\n\t\t\t\t<\/div>\n\t\t\t\t\t\t<\/div>\n\t\t\t\t\t<\/div>\n\t\t<\/div>\n\t\t\t\t\t\t\t\t<\/div>\n\t\t\t\t\t<\/div>\n\t\t<\/section>\n\t\t\t\t\t\t<\/div>\n\t\t\t\t\t\t<\/div>\n\t\t\t\t\t<\/div>\n\t\t","protected":false},"excerpt":{"rendered":"<p>Check up dermatol\u00f3gico Avalia\u00e7\u00e3o dermatol\u00f3gica com foco em preven\u00e7\u00e3o de c\u00e2ncer de pele, manchas e tratamento precoce de queda de cabelo e outras dermatoses<\/p>\n","protected":false},"author":1,"featured_media":0,"parent":0,"menu_order":0,"comment_status":"closed","ping_status":"closed","template":"","meta":[],"_links":{"self":[{"href":"http:\/\/marciapurceli.com.br\/index.php?rest_route=\/wp\/v2\/pages\/72"}],"collection":[{"href":"http:\/\/marciapurceli.com.br\/index.php?rest_route=\/wp\/v2\/pages"}],"about":[{"href":"http:\/\/marciapurceli.com.br\/index.php?rest_route=\/wp\/v2\/types\/page"}],"author":[{"embeddable":true,"href":"http:\/\/marciapurceli.com.br\/index.php?rest_route=\/wp\/v2\/users\/1"}],"replies":[{"embeddable":true,"href":"http:\/\/marciapurceli.com.br\/index.php?rest_route=%2Fwp%2Fv2%2Fcomments&post=72"}],"version-history":[{"count":8,"href":"http:\/\/marciapurceli.com.br\/index.php?rest_route=\/wp\/v2\/pages\/72\/revisions"}],"predecessor-version":[{"id":234,"href":"http:\/\/marciapurceli.com.br\/index.php?rest_route=\/wp\/v2\/pages\/72\/revisions\/234"}],"wp:attachment":[{"href":"http:\/\/marciapurceli.com.br\/index.php?rest_route=%2Fwp%2Fv2%2Fmedia&parent=72"}],"curies":[{"name":"wp","href":"https:\/\/api.w.org\/{rel}","templated":true}]}}