{"id":49,"date":"2020-11-06T01:12:06","date_gmt":"2020-11-06T03:12:06","guid":{"rendered":"http:\/\/marciapurceli.com.br\/?page_id=49"},"modified":"2020-11-13T16:28:23","modified_gmt":"2020-11-13T18:28:23","slug":"dermatologia-clinica","status":"publish","type":"page","link":"http:\/\/marciapurceli.com.br\/?page_id=49","title":{"rendered":"Cirurgia Dermatol\u00f3gica"},"content":{"rendered":"\t\t<div data-elementor-type=\"wp-page\" data-elementor-id=\"49\" class=\"elementor elementor-49\" data-elementor-settings=\"[]\">\n\t\t\t\t\t\t<div class=\"elementor-inner\">\n\t\t\t\t\t\t\t<div class=\"elementor-section-wrap\">\n\t\t\t\t\t\t\t<section class=\"elementor-section elementor-top-section elementor-element elementor-element-7c64f313 elementor-section-full_width elementor-section-height-default elementor-section-height-default\" data-id=\"7c64f313\" data-element_type=\"section\" data-settings=\"{&quot;background_background&quot;:&quot;classic&quot;}\">\n\t\t\t\t\t\t<div class=\"elementor-container elementor-column-gap-default\">\n\t\t\t\t\t\t\t<div class=\"elementor-row\">\n\t\t\t\t\t<div class=\"elementor-column elementor-col-50 elementor-top-column elementor-element elementor-element-1e34a151\" data-id=\"1e34a151\" data-element_type=\"column\">\n\t\t\t<div class=\"elementor-column-wrap elementor-element-populated\">\n\t\t\t\t\t\t\t<div class=\"elementor-widget-wrap\">\n\t\t\t\t\t\t<div class=\"elementor-element elementor-element-3e193f8d elementor-widget elementor-widget-text-editor\" data-id=\"3e193f8d\" data-element_type=\"widget\" data-widget_type=\"text-editor.default\">\n\t\t\t\t<div class=\"elementor-widget-container\">\n\t\t\t\t\t<div class=\"elementor-text-editor elementor-clearfix\"><p><strong>Cirurgia Dermatol\u00f3gica<\/strong><\/p><\/div>\n\t\t\t\t<\/div>\n\t\t\t\t<\/div>\n\t\t\t\t<div class=\"elementor-element elementor-element-3f279893 elementor-widget elementor-widget-text-editor\" data-id=\"3f279893\" data-element_type=\"widget\" data-widget_type=\"text-editor.default\">\n\t\t\t\t<div class=\"elementor-widget-container\">\n\t\t\t\t\t<div class=\"elementor-text-editor elementor-clearfix\"><p>Cirurgia de pintas<\/p>\n<p>Bi\u00f3psias<\/p>\n<p>Cirurgia de c\u00e2ncer de pele<\/p>\n<p><span style=\"font-size: 19px;\">Fibromas<\/span><\/p>\n<p><span style=\"font-size: 19px;\">Tratamento de les\u00f5es pr\u00e9 cancer\u00edgenas<\/span><\/p>\n<p>Ex\u00e9rese de cistos e lipomas<\/p><\/div>\n\t\t\t\t<\/div>\n\t\t\t\t<\/div>\n\t\t\t\t\t\t<\/div>\n\t\t\t\t\t<\/div>\n\t\t<\/div>\n\t\t\t\t<div class=\"elementor-column elementor-col-50 elementor-top-column elementor-element elementor-element-6adad5dd\" data-id=\"6adad5dd\" data-element_type=\"column\">\n\t\t\t<div class=\"elementor-column-wrap elementor-element-populated\">\n\t\t\t\t\t\t\t<div class=\"elementor-widget-wrap\">\n\t\t\t\t\t\t<div class=\"elementor-element elementor-element-2f0090a4 elementor-widget elementor-widget-image\" data-id=\"2f0090a4\" data-element_type=\"widget\" data-widget_type=\"image.default\">\n\t\t\t\t<div class=\"elementor-widget-container\">\n\t\t\t\t\t<div class=\"elementor-image\">\n\t\t\t\t\t\t\t\t\t\t<img src=\"http:\/\/marciapurceli.com.br\/wp-content\/uploads\/2020\/11\/shutterstock_1025595721-scaled.jpg\" title=\"shutterstock_1025595721\" alt=\"shutterstock_1025595721\" \/>\t\t\t\t\t\t\t\t\t\t\t<\/div>\n\t\t\t\t<\/div>\n\t\t\t\t<\/div>\n\t\t\t\t\t\t<\/div>\n\t\t\t\t\t<\/div>\n\t\t<\/div>\n\t\t\t\t\t\t\t\t<\/div>\n\t\t\t\t\t<\/div>\n\t\t<\/section>\n\t\t\t\t\t\t<\/div>\n\t\t\t\t\t\t<\/div>\n\t\t\t\t\t<\/div>\n\t\t","protected":false},"excerpt":{"rendered":"<p>Cirurgia Dermatol\u00f3gica Cirurgia de pintas Bi\u00f3psias Cirurgia de c\u00e2ncer de pele Fibromas Tratamento de les\u00f5es pr\u00e9 cancer\u00edgenas Ex\u00e9rese de cistos e lipomas<\/p>\n","protected":false},"author":1,"featured_media":0,"parent":0,"menu_order":0,"comment_status":"closed","ping_status":"closed","template":"","meta":[],"_links":{"self":[{"href":"http:\/\/marciapurceli.com.br\/index.php?rest_route=\/wp\/v2\/pages\/49"}],"collection":[{"href":"http:\/\/marciapurceli.com.br\/index.php?rest_route=\/wp\/v2\/pages"}],"about":[{"href":"http:\/\/marciapurceli.com.br\/index.php?rest_route=\/wp\/v2\/types\/page"}],"author":[{"embeddable":true,"href":"http:\/\/marciapurceli.com.br\/index.php?rest_route=\/wp\/v2\/users\/1"}],"replies":[{"embeddable":true,"href":"http:\/\/marciapurceli.com.br\/index.php?rest_route=%2Fwp%2Fv2%2Fcomments&post=49"}],"version-history":[{"count":11,"href":"http:\/\/marciapurceli.com.br\/index.php?rest_route=\/wp\/v2\/pages\/49\/revisions"}],"predecessor-version":[{"id":218,"href":"http:\/\/marciapurceli.com.br\/index.php?rest_route=\/wp\/v2\/pages\/49\/revisions\/218"}],"wp:attachment":[{"href":"http:\/\/marciapurceli.com.br\/index.php?rest_route=%2Fwp%2Fv2%2Fmedia&parent=49"}],"curies":[{"name":"wp","href":"https:\/\/api.w.org\/{rel}","templated":true}]}}